{"id":2413,"date":"2018-07-02T18:55:05","date_gmt":"2018-07-02T16:55:05","guid":{"rendered":"https:\/\/www.camping-aupredeletang.com\/contact-camping-vendee\/"},"modified":"2023-04-06T16:30:45","modified_gmt":"2023-04-06T14:30:45","slug":"contact-campsite-vendee","status":"publish","type":"page","link":"https:\/\/www.camping-aupredeletang.com\/en\/contact-campsite-vendee\/","title":{"rendered":"Contact and access"},"content":{"rendered":"<p>All year long, we are at your disposal for any request (estimate, organization of your stay, various questions&#8230;), we welcome you at the campsite from April 3 to October 30, 2021, the rest of the year a telephone permanence is ensured from Monday to Friday from 9 am to 12 am and from 2 pm to 6 pm.<\/p>\n<p>Marie-Michelle and Jordan are at your disposal all year round to answer your questions and booking requests. You can contact us by phone at 02.51.20.80.65, by email at contact@camping-aupredeletang.com or by filling in the contact form below.<\/p>\n","protected":false},"excerpt":{"rendered":"<p>All year long, we are at your disposal for any request (estimate, organization of your stay, various questions&#8230;), we welcome you at the campsite from April 3 to October 30, 2021, the rest of the year a telephone permanence is ensured from Monday to Friday from 9 am to 12 am and from 2 pm [&hellip;]<\/p>\n","protected":false},"author":1,"featured_media":1082,"parent":0,"menu_order":0,"comment_status":"closed","ping_status":"closed","template":"","meta":{"footnotes":""},"class_list":["post-2413","page","type-page","status-publish","has-post-thumbnail","hentry"],"yoast_head":"<!-- This site is optimized with the Yoast SEO plugin v27.4 - https:\/\/yoast.com\/product\/yoast-seo-wordpress\/ -->\n<title>Contact campsite Vend\u00e9e | How to get to Camping Au Pr\u00e8s de l&#039;\u00c9tang<\/title>\n<meta name=\"robots\" content=\"index, follow, max-snippet:-1, max-image-preview:large, max-video-preview:-1\" \/>\n<link rel=\"canonical\" href=\"https:\/\/www.camping-aupredeletang.com\/en\/contact-campsite-vendee\/\" \/>\n<meta property=\"og:locale\" content=\"en_US\" \/>\n<meta property=\"og:type\" content=\"article\" \/>\n<meta property=\"og:title\" content=\"Contact campsite Vend\u00e9e | How to get to Camping Au Pr\u00e8s de l&#039;\u00c9tang\" \/>\n<meta property=\"og:description\" content=\"All year long, we are at your disposal for any request (estimate, organization of your stay, various questions&#8230;), we welcome you at the campsite from April 3 to October 30, 2021, the rest of the year a telephone permanence is ensured from Monday to Friday from 9 am to 12 am and from 2 pm [&hellip;]\" \/>\n<meta property=\"og:url\" content=\"https:\/\/www.camping-aupredeletang.com\/en\/contact-campsite-vendee\/\" \/>\n<meta property=\"og:site_name\" content=\"Camping au Pr\u00e9 de L&#039;Etang\" \/>\n<meta property=\"article:publisher\" content=\"https:\/\/www.facebook.com\/aupredeletang\/\" \/>\n<meta property=\"article:modified_time\" content=\"2023-04-06T14:30:45+00:00\" \/>\n<meta property=\"og:image\" content=\"https:\/\/www.camping-aupredeletang.com\/wp-content\/uploads\/2018\/08\/Camping-Sables-dOlonne-1.jpg\" \/>\n\t<meta property=\"og:image:width\" content=\"1600\" \/>\n\t<meta property=\"og:image:height\" content=\"600\" \/>\n\t<meta property=\"og:image:type\" content=\"image\/jpeg\" \/>\n<meta name=\"twitter:card\" content=\"summary_large_image\" \/>\n<meta name=\"twitter:label1\" content=\"Est. reading time\" \/>\n\t<meta name=\"twitter:data1\" content=\"1 minute\" \/>\n<script type=\"application\/ld+json\" class=\"yoast-schema-graph\">{\"@context\":\"https:\\\/\\\/schema.org\",\"@graph\":[{\"@type\":\"WebPage\",\"@id\":\"https:\\\/\\\/www.camping-aupredeletang.com\\\/en\\\/contact-campsite-vendee\\\/\",\"url\":\"https:\\\/\\\/www.camping-aupredeletang.com\\\/en\\\/contact-campsite-vendee\\\/\",\"name\":\"Contact campsite Vend\u00e9e | How to get to Camping Au Pr\u00e8s de l'\u00c9tang\",\"isPartOf\":{\"@id\":\"https:\\\/\\\/www.camping-aupredeletang.com\\\/#website\"},\"primaryImageOfPage\":{\"@id\":\"https:\\\/\\\/www.camping-aupredeletang.com\\\/en\\\/contact-campsite-vendee\\\/#primaryimage\"},\"image\":{\"@id\":\"https:\\\/\\\/www.camping-aupredeletang.com\\\/en\\\/contact-campsite-vendee\\\/#primaryimage\"},\"thumbnailUrl\":\"https:\\\/\\\/www.camping-aupredeletang.com\\\/wp-content\\\/uploads\\\/2018\\\/08\\\/Camping-Sables-dOlonne-1.jpg\",\"datePublished\":\"2018-07-02T16:55:05+00:00\",\"dateModified\":\"2023-04-06T14:30:45+00:00\",\"breadcrumb\":{\"@id\":\"https:\\\/\\\/www.camping-aupredeletang.com\\\/en\\\/contact-campsite-vendee\\\/#breadcrumb\"},\"inLanguage\":\"en-US\",\"potentialAction\":[{\"@type\":\"ReadAction\",\"target\":[\"https:\\\/\\\/www.camping-aupredeletang.com\\\/en\\\/contact-campsite-vendee\\\/\"]}]},{\"@type\":\"ImageObject\",\"inLanguage\":\"en-US\",\"@id\":\"https:\\\/\\\/www.camping-aupredeletang.com\\\/en\\\/contact-campsite-vendee\\\/#primaryimage\",\"url\":\"https:\\\/\\\/www.camping-aupredeletang.com\\\/wp-content\\\/uploads\\\/2018\\\/08\\\/Camping-Sables-dOlonne-1.jpg\",\"contentUrl\":\"https:\\\/\\\/www.camping-aupredeletang.com\\\/wp-content\\\/uploads\\\/2018\\\/08\\\/Camping-Sables-dOlonne-1.jpg\",\"width\":1600,\"height\":600,\"caption\":\"Camping Sables d'Olonne\"},{\"@type\":\"BreadcrumbList\",\"@id\":\"https:\\\/\\\/www.camping-aupredeletang.com\\\/en\\\/contact-campsite-vendee\\\/#breadcrumb\",\"itemListElement\":[{\"@type\":\"ListItem\",\"position\":1,\"name\":\"Camping 3 \u00e9toiles Vend\u00e9e\",\"item\":\"https:\\\/\\\/www.camping-aupredeletang.com\\\/en\\\/\"},{\"@type\":\"ListItem\",\"position\":2,\"name\":\"Contact and access\"}]},{\"@type\":\"WebSite\",\"@id\":\"https:\\\/\\\/www.camping-aupredeletang.com\\\/#website\",\"url\":\"https:\\\/\\\/www.camping-aupredeletang.com\\\/\",\"name\":\"Camping Au pr\u00e9 de l'\u00e9tang\",\"description\":\"\",\"publisher\":{\"@id\":\"https:\\\/\\\/www.camping-aupredeletang.com\\\/#organization\"},\"potentialAction\":[{\"@type\":\"SearchAction\",\"target\":{\"@type\":\"EntryPoint\",\"urlTemplate\":\"https:\\\/\\\/www.camping-aupredeletang.com\\\/?s={search_term_string}\"},\"query-input\":{\"@type\":\"PropertyValueSpecification\",\"valueRequired\":true,\"valueName\":\"search_term_string\"}}],\"inLanguage\":\"en-US\"},{\"@type\":\"Organization\",\"@id\":\"https:\\\/\\\/www.camping-aupredeletang.com\\\/#organization\",\"name\":\"Camping au Pr\u00e9 de L'Etang\",\"url\":\"https:\\\/\\\/www.camping-aupredeletang.com\\\/\",\"logo\":{\"@type\":\"ImageObject\",\"inLanguage\":\"en-US\",\"@id\":\"https:\\\/\\\/www.camping-aupredeletang.com\\\/#\\\/schema\\\/logo\\\/image\\\/\",\"url\":\"https:\\\/\\\/www.camping-aupredeletang.com\\\/wp-content\\\/uploads\\\/2022\\\/07\\\/logo-au-pre-de-l-etang.png\",\"contentUrl\":\"https:\\\/\\\/www.camping-aupredeletang.com\\\/wp-content\\\/uploads\\\/2022\\\/07\\\/logo-au-pre-de-l-etang.png\",\"width\":300,\"height\":190,\"caption\":\"Camping au Pr\u00e9 de L'Etang\"},\"image\":{\"@id\":\"https:\\\/\\\/www.camping-aupredeletang.com\\\/#\\\/schema\\\/logo\\\/image\\\/\"},\"sameAs\":[\"https:\\\/\\\/www.facebook.com\\\/aupredeletang\\\/\",\"https:\\\/\\\/www.instagram.com\\\/camping.aupredeletang\\\/?hl=fr\"]}]}<\/script>\n<!-- \/ Yoast SEO plugin. -->","yoast_head_json":{"title":"Contact campsite Vend\u00e9e | How to get to Camping Au Pr\u00e8s de l'\u00c9tang","robots":{"index":"index","follow":"follow","max-snippet":"max-snippet:-1","max-image-preview":"max-image-preview:large","max-video-preview":"max-video-preview:-1"},"canonical":"https:\/\/www.camping-aupredeletang.com\/en\/contact-campsite-vendee\/","og_locale":"en_US","og_type":"article","og_title":"Contact campsite Vend\u00e9e | How to get to Camping Au Pr\u00e8s de l'\u00c9tang","og_description":"All year long, we are at your disposal for any request (estimate, organization of your stay, various questions&#8230;), we welcome you at the campsite from April 3 to October 30, 2021, the rest of the year a telephone permanence is ensured from Monday to Friday from 9 am to 12 am and from 2 pm [&hellip;]","og_url":"https:\/\/www.camping-aupredeletang.com\/en\/contact-campsite-vendee\/","og_site_name":"Camping au Pr\u00e9 de L&#039;Etang","article_publisher":"https:\/\/www.facebook.com\/aupredeletang\/","article_modified_time":"2023-04-06T14:30:45+00:00","og_image":[{"width":1600,"height":600,"url":"https:\/\/www.camping-aupredeletang.com\/wp-content\/uploads\/2018\/08\/Camping-Sables-dOlonne-1.jpg","type":"image\/jpeg"}],"twitter_card":"summary_large_image","twitter_misc":{"Est. reading time":"1 minute"},"schema":{"@context":"https:\/\/schema.org","@graph":[{"@type":"WebPage","@id":"https:\/\/www.camping-aupredeletang.com\/en\/contact-campsite-vendee\/","url":"https:\/\/www.camping-aupredeletang.com\/en\/contact-campsite-vendee\/","name":"Contact campsite Vend\u00e9e | How to get to Camping Au Pr\u00e8s de l'\u00c9tang","isPartOf":{"@id":"https:\/\/www.camping-aupredeletang.com\/#website"},"primaryImageOfPage":{"@id":"https:\/\/www.camping-aupredeletang.com\/en\/contact-campsite-vendee\/#primaryimage"},"image":{"@id":"https:\/\/www.camping-aupredeletang.com\/en\/contact-campsite-vendee\/#primaryimage"},"thumbnailUrl":"https:\/\/www.camping-aupredeletang.com\/wp-content\/uploads\/2018\/08\/Camping-Sables-dOlonne-1.jpg","datePublished":"2018-07-02T16:55:05+00:00","dateModified":"2023-04-06T14:30:45+00:00","breadcrumb":{"@id":"https:\/\/www.camping-aupredeletang.com\/en\/contact-campsite-vendee\/#breadcrumb"},"inLanguage":"en-US","potentialAction":[{"@type":"ReadAction","target":["https:\/\/www.camping-aupredeletang.com\/en\/contact-campsite-vendee\/"]}]},{"@type":"ImageObject","inLanguage":"en-US","@id":"https:\/\/www.camping-aupredeletang.com\/en\/contact-campsite-vendee\/#primaryimage","url":"https:\/\/www.camping-aupredeletang.com\/wp-content\/uploads\/2018\/08\/Camping-Sables-dOlonne-1.jpg","contentUrl":"https:\/\/www.camping-aupredeletang.com\/wp-content\/uploads\/2018\/08\/Camping-Sables-dOlonne-1.jpg","width":1600,"height":600,"caption":"Camping Sables d'Olonne"},{"@type":"BreadcrumbList","@id":"https:\/\/www.camping-aupredeletang.com\/en\/contact-campsite-vendee\/#breadcrumb","itemListElement":[{"@type":"ListItem","position":1,"name":"Camping 3 \u00e9toiles Vend\u00e9e","item":"https:\/\/www.camping-aupredeletang.com\/en\/"},{"@type":"ListItem","position":2,"name":"Contact and access"}]},{"@type":"WebSite","@id":"https:\/\/www.camping-aupredeletang.com\/#website","url":"https:\/\/www.camping-aupredeletang.com\/","name":"Camping Au pr\u00e9 de l'\u00e9tang","description":"","publisher":{"@id":"https:\/\/www.camping-aupredeletang.com\/#organization"},"potentialAction":[{"@type":"SearchAction","target":{"@type":"EntryPoint","urlTemplate":"https:\/\/www.camping-aupredeletang.com\/?s={search_term_string}"},"query-input":{"@type":"PropertyValueSpecification","valueRequired":true,"valueName":"search_term_string"}}],"inLanguage":"en-US"},{"@type":"Organization","@id":"https:\/\/www.camping-aupredeletang.com\/#organization","name":"Camping au Pr\u00e9 de L'Etang","url":"https:\/\/www.camping-aupredeletang.com\/","logo":{"@type":"ImageObject","inLanguage":"en-US","@id":"https:\/\/www.camping-aupredeletang.com\/#\/schema\/logo\/image\/","url":"https:\/\/www.camping-aupredeletang.com\/wp-content\/uploads\/2022\/07\/logo-au-pre-de-l-etang.png","contentUrl":"https:\/\/www.camping-aupredeletang.com\/wp-content\/uploads\/2022\/07\/logo-au-pre-de-l-etang.png","width":300,"height":190,"caption":"Camping au Pr\u00e9 de L'Etang"},"image":{"@id":"https:\/\/www.camping-aupredeletang.com\/#\/schema\/logo\/image\/"},"sameAs":["https:\/\/www.facebook.com\/aupredeletang\/","https:\/\/www.instagram.com\/camping.aupredeletang\/?hl=fr"]}]}},"_links":{"self":[{"href":"https:\/\/www.camping-aupredeletang.com\/en\/wp-json\/wp\/v2\/pages\/2413","targetHints":{"allow":["GET"]}}],"collection":[{"href":"https:\/\/www.camping-aupredeletang.com\/en\/wp-json\/wp\/v2\/pages"}],"about":[{"href":"https:\/\/www.camping-aupredeletang.com\/en\/wp-json\/wp\/v2\/types\/page"}],"author":[{"embeddable":true,"href":"https:\/\/www.camping-aupredeletang.com\/en\/wp-json\/wp\/v2\/users\/1"}],"replies":[{"embeddable":true,"href":"https:\/\/www.camping-aupredeletang.com\/en\/wp-json\/wp\/v2\/comments?post=2413"}],"version-history":[{"count":6,"href":"https:\/\/www.camping-aupredeletang.com\/en\/wp-json\/wp\/v2\/pages\/2413\/revisions"}],"predecessor-version":[{"id":3776,"href":"https:\/\/www.camping-aupredeletang.com\/en\/wp-json\/wp\/v2\/pages\/2413\/revisions\/3776"}],"wp:featuredmedia":[{"embeddable":true,"href":"https:\/\/www.camping-aupredeletang.com\/en\/wp-json\/wp\/v2\/media\/1082"}],"wp:attachment":[{"href":"https:\/\/www.camping-aupredeletang.com\/en\/wp-json\/wp\/v2\/media?parent=2413"}],"curies":[{"name":"wp","href":"https:\/\/api.w.org\/{rel}","templated":true}]}}